{"id":55,"date":"2014-02-15T11:56:06","date_gmt":"2014-02-15T10:56:06","guid":{"rendered":"http:\/\/www.moodlewroc.type.pl\/antek-antenka\/?page_id=55"},"modified":"2014-02-15T11:56:06","modified_gmt":"2014-02-15T10:56:06","slug":"ulotka","status":"publish","type":"page","link":"https:\/\/antek-antenka.pl\/?page_id=55","title":{"rendered":"Ulotka"},"content":{"rendered":"<p>Je\u017celi masz ochot\u0119 pom\u00f3c &#8211; wydrukuj i daj znajomym.<\/p>\n<p style=\"text-align: center;\"><a href=\"https:\/\/i0.wp.com\/antek-antenka.pl\/wp-content\/uploads\/2014\/02\/publication4.jpg\"><img decoding=\"async\" loading=\"lazy\" class=\"alignnone size-medium wp-image-34\" alt=\"publication4\" src=\"https:\/\/i0.wp.com\/antek-antenka.pl\/wp-content\/uploads\/2014\/02\/publication4.jpg?resize=300%2C216\" width=\"300\" height=\"216\" srcset=\"https:\/\/i0.wp.com\/antek-antenka.pl\/wp-content\/uploads\/2014\/02\/publication4.jpg?resize=300%2C216&amp;ssl=1 300w, https:\/\/i0.wp.com\/antek-antenka.pl\/wp-content\/uploads\/2014\/02\/publication4.jpg?resize=768%2C554&amp;ssl=1 768w, https:\/\/i0.wp.com\/antek-antenka.pl\/wp-content\/uploads\/2014\/02\/publication4.jpg?w=910&amp;ssl=1 910w\" sizes=\"(max-width: 300px) 100vw, 300px\" data-recalc-dims=\"1\" \/><\/a><\/p>\n","protected":false},"excerpt":{"rendered":"<p>Je\u017celi masz ochot\u0119 pom\u00f3c &#8211; wydrukuj i daj znajomym.<\/p>\n","protected":false},"author":2,"featured_media":0,"parent":0,"menu_order":0,"comment_status":"open","ping_status":"open","template":"","meta":{"spay_email":""},"jetpack_sharing_enabled":true,"jetpack_shortlink":"https:\/\/wp.me\/Pd1nPZ-T","_links":{"self":[{"href":"https:\/\/antek-antenka.pl\/index.php?rest_route=\/wp\/v2\/pages\/55"}],"collection":[{"href":"https:\/\/antek-antenka.pl\/index.php?rest_route=\/wp\/v2\/pages"}],"about":[{"href":"https:\/\/antek-antenka.pl\/index.php?rest_route=\/wp\/v2\/types\/page"}],"author":[{"embeddable":true,"href":"https:\/\/antek-antenka.pl\/index.php?rest_route=\/wp\/v2\/users\/2"}],"replies":[{"embeddable":true,"href":"https:\/\/antek-antenka.pl\/index.php?rest_route=%2Fwp%2Fv2%2Fcomments&post=55"}],"version-history":[{"count":0,"href":"https:\/\/antek-antenka.pl\/index.php?rest_route=\/wp\/v2\/pages\/55\/revisions"}],"wp:attachment":[{"href":"https:\/\/antek-antenka.pl\/index.php?rest_route=%2Fwp%2Fv2%2Fmedia&parent=55"}],"curies":[{"name":"wp","href":"https:\/\/api.w.org\/{rel}","templated":true}]}}