{"id":14,"date":"2014-02-08T11:22:16","date_gmt":"2014-02-08T11:22:16","guid":{"rendered":"http:\/\/www.moodlewroc.type.pl\/antek-antenka\/?page_id=14"},"modified":"2014-02-08T11:22:16","modified_gmt":"2014-02-08T11:22:16","slug":"o-antosiu","status":"publish","type":"page","link":"https:\/\/antek-antenka.pl\/?page_id=14","title":{"rendered":"O Antosiu"},"content":{"rendered":"<div id=\"art-main\" style=\"text-align: justify;\">\n<div>\n<p>Anto\u015b urodzi\u0142 si\u0119 w 25 tygodniu ci\u0105\u017cy, z cechami skrajnego wcze\u015bniactwa i skrajnie nisk\u0105 mas\u0105 cia\u0142a &#8211; 850g. W stanie bardzo ci\u0119\u017ckim, z woln\u0105 akcj\u0105 serca jako jedyn\u0105 oznak\u0105 \u017cycia, trafi\u0142 na Oddzia\u0142 Intensywnej Terapii Noworodk\u00f3w we Wroc\u0142awiu. W pierwszych dw\u00f3ch miesi\u0105cach \u017cycia oddycha\u0142 za pomoc\u0105 respiratora.<\/p>\n<div>\n<div>\n<div>\n<div>\n<div>\n<div>\n<div>\n<div>\n<div>\n<p><a href=\"https:\/\/i2.wp.com\/antek-antenka.pl\/wp-content\/uploads\/2014\/02\/Image013.jpg\" rel=\"attachment wp-att-30\"><img decoding=\"async\" loading=\"lazy\" class=\"size-medium wp-image-30 alignleft\" src=\"https:\/\/i2.wp.com\/antek-antenka.pl\/wp-content\/uploads\/2014\/02\/Image013.jpg?resize=300%2C240\" alt=\"Image013\" width=\"300\" height=\"240\" srcset=\"https:\/\/i2.wp.com\/antek-antenka.pl\/wp-content\/uploads\/2014\/02\/Image013.jpg?resize=300%2C240&amp;ssl=1 300w, https:\/\/i2.wp.com\/antek-antenka.pl\/wp-content\/uploads\/2014\/02\/Image013.jpg?w=400&amp;ssl=1 400w\" sizes=\"(max-width: 300px) 100vw, 300px\" data-recalc-dims=\"1\" \/><\/a>Jego stan by\u0142 bardzo ci\u0119\u017cki, na co sk\u0142ada\u0142y si\u0119: niewydolno\u015b\u0107 nerek, wylewy dokomorowe III stopnia, zapalenie p\u0142uc, dwukrotne posocznice, niedokrwisto\u015b\u0107. W pierwszym miesi\u0105cu \u017cycia nasz synek przeszed\u0142 operacj\u0119 oczu &#8211; retinopatii wcze\u015bniaczej.<\/p>\n<p>Stan zdrowia Antosia uleg\u0142 poprawie w trzecim miesi\u0105cu jego \u017cycia. Zacz\u0105\u0142 samodzielnie oddycha\u0107 i ustabilizowa\u0142y si\u0119 jego funkcje \u017cyciowe. Kiedy sko\u0144czy\u0142 trzeci miesi\u0105c \u017cycia i jego waga dobieg\u0142a do 2 kilogram\u00f3w zabrali\u015bmy nasze Male\u0144stwo do domu.<\/p>\n<p>Niestety, ze wzgl\u0119du na olbrzymie przepukliny mosznowe Anto\u015b w wieku 4 miesi\u0119cy ponownie trafi\u0142 do szpitala, tym razem na oddzia\u0142 Chirurgii Dzieci\u0119cej w celu usuni\u0119cia przepukliny. Rozpocz\u0119\u0142a si\u0119 r\u00f3wnie\u017c intensywna rehabilitacja Antosia. Synek wymaga\u0142 wielospecjalistycznej opieki z uwagi na ryzyko nieprawid\u0142owego rozwoju psychoruchowego. W pierwszym roku \u017cycia Anto\u015b by\u0142 rehabilitowany metod\u0105 Voity. Nast\u0119pnie rehabilitacja ruchowa odbywa\u0142a si\u0119 i nadal si\u0119 odbywa metod\u0105 NDT Bobath.<\/p>\n<p>Rozw\u00f3j Antosia jest istotnie op\u00f3\u017aniony. Obecnie ma on 2 lata i 9 miesi\u0119cy. Lekarz neurolog zdiagnozowa\u0142 u niego m\u00f3zgowe pora\u017cenie dzieci\u0119ce wynikaj\u0105ce z encefalopatii wcze\u015bniaczej. Anto\u015b obecnie dopiero uczy si\u0119 chodzi\u0107, a jego problemy z napi\u0119ciem mi\u0119\u015bniowym n\u00f3g powoduj\u0105, \u017ce ch\u00f3d nie jest prawid\u0142owy. By\u0107 mo\u017ce w przysz\u0142o\u015bci b\u0119dzie konieczna operacja.<\/p>\n<p>Nasz Antek jest ca\u0142y czas rehabilitowany logopedycznie, gdy\u017c ma problemy z \u017cuciem oraz po\u0142ykaniem pokarm\u00f3w. Anto\u015b nie m\u00f3wi. Jest r\u00f3wnie\u017c diagnozowany w poradni genetycznej oraz metabolicznej. Podejrzewane u niego zaburzenia o pod\u0142o\u017cu genetycznym i metabolicznym mog\u0105 mie\u0107 wp\u0142yw na jego rozw\u00f3j. Nasz maluch ma du\u017c\u0105 wad\u0119 wzroku: zez obuoczny oraz kr\u00f3tkowzroczno\u015b\u0107 -11 i -9 dioptrii. Anto\u015b znajduje si\u0119 po opiek\u0105 okulisty i w przysz\u0142ym roku czeka go operacja zeza.<\/p>\n<p>Antek ma zaburzenia czucia, kt\u00f3re nie pozwalaj\u0105 na prawid\u0142owy rozw\u00f3j. W celu zniwelowania tych zaburze\u0144 jest on rehabilitowany na zaj\u0119ciach integracji sensorycznej. Nasz synek ma trudno\u015bci w skupieniu uwagi oraz zaburzone funkcje poznawcze. Nie bawi si\u0119 prawid\u0142owo, swoje potrzeby sygnalizuje p\u0142aczem lub krzykiem, nie na\u015bladuje, nie wykonuje podstawowych czynno\u015bci typowych dla ma\u0142ego dziecka. Brak koncentracji i spora nadruchliwo\u015b\u0107 oraz jego problemy ze snem spowodowa\u0142y konieczno\u015b\u0107 wdro\u017cenia lek\u00f3w wyciszaj\u0105cych. Anto\u015b znajduje si\u0119 pod opiek\u0105 neurologa, psychiatry oraz psychologa dzieci\u0119cego.<\/p>\n<p>Mimo swoich rozleg\u0142ych problem\u00f3w zdrowotnych Anto\u015b jest weso\u0142ym, roze\u015bmianym, b\u0119d\u0105cym w ci\u0105g\u0142ym ruchu dzieckiem. Jest ma\u0142ym \u0142obuziakiem, kt\u00f3rego bardzo kochamy i staramy si\u0119 otoczy\u0107 jak najlepsz\u0105 opiek\u0105.<\/p>\n<p><a href=\"https:\/\/i1.wp.com\/antek-antenka.pl\/wp-content\/uploads\/2014\/02\/julaantek.jpg\" rel=\"attachment wp-att-33\"><img decoding=\"async\" loading=\"lazy\" class=\"aligncenter size-medium wp-image-33\" src=\"https:\/\/i1.wp.com\/antek-antenka.pl\/wp-content\/uploads\/2014\/02\/julaantek.jpg?resize=300%2C225\" alt=\"julaantek\" width=\"300\" height=\"225\" srcset=\"https:\/\/i1.wp.com\/antek-antenka.pl\/wp-content\/uploads\/2014\/02\/julaantek.jpg?resize=300%2C225&amp;ssl=1 300w, https:\/\/i1.wp.com\/antek-antenka.pl\/wp-content\/uploads\/2014\/02\/julaantek.jpg?w=500&amp;ssl=1 500w\" sizes=\"(max-width: 300px) 100vw, 300px\" data-recalc-dims=\"1\" \/><\/a><\/p>\n<p style=\"text-align: center;\">\n<p><strong>Systematyczna i intensywna rehabilitacja oraz wsp\u00f3\u0142praca z wykwalifikowanymi specjalistami przynosi wspania\u0142e efekty. Anto\u015b, czyni\u0105c tak olbrzymie post\u0119py daje nam nadziej\u0119 na to, \u017ce w przysz\u0142o\u015bci dor\u00f3wna rozwojem i umiej\u0119tno\u015bciami swoim zdrowym r\u00f3wie\u015bnikom.<br \/>\n<\/strong><\/p>\n<p>&nbsp;<\/p>\n<h5>Rodzice<\/h5>\n<\/div>\n<\/div>\n<\/div>\n<\/div>\n<\/div>\n<\/div>\n<\/div>\n<\/div>\n<\/div>\n<\/div>\n<\/div>\n","protected":false},"excerpt":{"rendered":"<p>Anto\u015b urodzi\u0142 si\u0119 w 25 tygodniu ci\u0105\u017cy, z cechami skrajnego wcze\u015bniactwa i skrajnie nisk\u0105 mas\u0105 cia\u0142a &#8211; 850g. W stanie bardzo ci\u0119\u017ckim, z woln\u0105 akcj\u0105 serca jako jedyn\u0105 oznak\u0105 \u017cycia, trafi\u0142 na Oddzia\u0142 Intensywnej Terapii Noworodk\u00f3w we Wroc\u0142awiu. W pierwszych dw\u00f3ch miesi\u0105cach \u017cycia oddycha\u0142 za pomoc\u0105 respiratora. Jego stan by\u0142 bardzo ci\u0119\u017cki, na co sk\u0142ada\u0142y &hellip; <\/p>\n<p class=\"link-more\"><a href=\"https:\/\/antek-antenka.pl\/?page_id=14\" class=\"more-link\">Czytaj dalej<span class=\"screen-reader-text\"> O Antosiu<\/span><\/a><\/p>\n","protected":false},"author":2,"featured_media":0,"parent":0,"menu_order":0,"comment_status":"open","ping_status":"open","template":"","meta":{"spay_email":""},"jetpack_sharing_enabled":true,"jetpack_shortlink":"https:\/\/wp.me\/Pd1nPZ-e","_links":{"self":[{"href":"https:\/\/antek-antenka.pl\/index.php?rest_route=\/wp\/v2\/pages\/14"}],"collection":[{"href":"https:\/\/antek-antenka.pl\/index.php?rest_route=\/wp\/v2\/pages"}],"about":[{"href":"https:\/\/antek-antenka.pl\/index.php?rest_route=\/wp\/v2\/types\/page"}],"author":[{"embeddable":true,"href":"https:\/\/antek-antenka.pl\/index.php?rest_route=\/wp\/v2\/users\/2"}],"replies":[{"embeddable":true,"href":"https:\/\/antek-antenka.pl\/index.php?rest_route=%2Fwp%2Fv2%2Fcomments&post=14"}],"version-history":[{"count":0,"href":"https:\/\/antek-antenka.pl\/index.php?rest_route=\/wp\/v2\/pages\/14\/revisions"}],"wp:attachment":[{"href":"https:\/\/antek-antenka.pl\/index.php?rest_route=%2Fwp%2Fv2%2Fmedia&parent=14"}],"curies":[{"name":"wp","href":"https:\/\/api.w.org\/{rel}","templated":true}]}}